{"id":339,"date":"2025-03-23T18:05:14","date_gmt":"2025-03-23T18:05:14","guid":{"rendered":"https:\/\/reachtheamericas.org\/es\/\/?page_id=339"},"modified":"2025-05-21T19:40:52","modified_gmt":"2025-05-21T19:40:52","slug":"action-for-change","status":"publish","type":"page","link":"https:\/\/reachtheamericas.org\/es\/action-for-change\/","title":{"rendered":"ACCI\u00d3N PARA EL CAMBIO"},"content":{"rendered":"\t\t<div data-elementor-type=\"wp-page\" data-elementor-id=\"339\" class=\"elementor elementor-339\">\n\t\t\t\t\t\t<section class=\"elementor-section elementor-top-section elementor-element elementor-element-a48f777 elementor-section-stretched elementor-section-boxed elementor-section-height-default elementor-section-height-default\" data-id=\"a48f777\" data-element_type=\"section\" data-settings=\"{&quot;stretch_section&quot;:&quot;section-stretched&quot;,&quot;background_background&quot;:&quot;classic&quot;}\">\n\t\t\t\t\t\t\t<div class=\"elementor-background-overlay\"><\/div>\n\t\t\t\t\t\t\t<div class=\"elementor-container elementor-column-gap-no\">\n\t\t\t\t\t<div class=\"elementor-column elementor-col-100 elementor-top-column elementor-element elementor-element-bb02356 sc_inner_width_none sc_content_align_inherit sc_layouts_column_icons_position_left\" data-id=\"bb02356\" data-element_type=\"column\">\n\t\t\t<div class=\"elementor-widget-wrap elementor-element-populated\">\n\t\t\t\t\t\t<div class=\"elementor-element elementor-element-249a087 sc_fly_static elementor-widget elementor-widget-heading\" data-id=\"249a087\" data-element_type=\"widget\" data-widget_type=\"heading.default\">\n\t\t\t\t<div class=\"elementor-widget-container\">\n\t\t\t\t\t<h2 class=\"elementor-heading-title elementor-size-default\">ACCI\u00d3N PARA EL CAMBIO\n<\/h2>\t\t\t\t<\/div>\n\t\t\t\t<\/div>\n\t\t\t\t\t<\/div>\n\t\t<\/div>\n\t\t\t\t\t<\/div>\n\t\t<\/section>\n\t\t\t\t<section class=\"elementor-section elementor-top-section elementor-element elementor-element-116bcf6 elementor-section-stretched elementor-section-boxed elementor-section-height-default elementor-section-height-default\" data-id=\"116bcf6\" data-element_type=\"section\" data-settings=\"{&quot;stretch_section&quot;:&quot;section-stretched&quot;,&quot;background_background&quot;:&quot;classic&quot;}\">\n\t\t\t\t\t\t<div class=\"elementor-container elementor-column-gap-default\">\n\t\t\t\t\t<div class=\"elementor-column elementor-col-100 elementor-top-column elementor-element elementor-element-13c0f24 sc_inner_width_none sc_content_align_inherit sc_layouts_column_icons_position_left\" data-id=\"13c0f24\" data-element_type=\"column\">\n\t\t\t<div class=\"elementor-widget-wrap elementor-element-populated\">\n\t\t\t\t\t\t<div class=\"elementor-element elementor-element-da4c97b sc_fly_static elementor-widget elementor-widget-heading\" data-id=\"da4c97b\" data-element_type=\"widget\" data-widget_type=\"heading.default\">\n\t\t\t\t<div class=\"elementor-widget-container\">\n\t\t\t\t\t<h2 class=\"elementor-heading-title elementor-size-default\">ACCI\u00d3N PARA EL CAMBIO\n<\/h2>\t\t\t\t<\/div>\n\t\t\t\t<\/div>\n\t\t\t\t<div class=\"elementor-element elementor-element-104881b elementor-widget-divider--view-line sc_fly_static elementor-widget elementor-widget-divider\" data-id=\"104881b\" data-element_type=\"widget\" data-widget_type=\"divider.default\">\n\t\t\t\t<div class=\"elementor-widget-container\">\n\t\t\t\t\t\t\t<div class=\"elementor-divider\">\n\t\t\t<span class=\"elementor-divider-separator\">\n\t\t\t\t\t\t<\/span>\n\t\t<\/div>\n\t\t\t\t\t\t<\/div>\n\t\t\t\t<\/div>\n\t\t\t\t<div class=\"elementor-element elementor-element-6330895 sc_fly_static elementor-widget elementor-widget-text-editor\" data-id=\"6330895\" data-element_type=\"widget\" data-widget_type=\"text-editor.default\">\n\t\t\t\t<div class=\"elementor-widget-container\">\n\t\t\t\t\t\t\t\t\t<p class=\"p1\">Dise\u00f1amos y ejecutamos proyectos integrales que generan cambios significativos, cuantificables y sostenibles. Nuestros proyectos se centran en los derechos humanos y laborales, la trata de personas, la prevenci\u00f3n de la violencia, la migraci\u00f3n, la capacitaci\u00f3n de las mujeres, etc.<\/p><p class=\"p1\">Demasiadas veces, los cambios son impuestos por quienes tienen el poder, ya sea en su propio beneficio o en la creencia de que estos cambios redundan en beneficio de los dem\u00e1s. Por lo tanto, es esencial que se consulte a los titulares de los derechos, ya que ellos son los verdaderos expertos en los problemas a los que se enfrentan, las causas profundas y lo que hay que hacer para combatir estos problemas. REACH tiene una gran experiencia en entrevistar e involucrar a poblaciones vulnerables en abordar temas complicados como la trata de personas, el crimen organizado y la violencia dom\u00e9stica y sexual, con el fin de fundamentar el dise\u00f1o de proyectos eficaces y sostenibles.<\/p>\t\t\t\t\t\t\t\t<\/div>\n\t\t\t\t<\/div>\n\t\t\t\t\t<\/div>\n\t\t<\/div>\n\t\t\t\t\t<\/div>\n\t\t<\/section>\n\t\t\t\t<section class=\"elementor-section elementor-top-section elementor-element elementor-element-d9114d1 elementor-section-stretched elementor-section-boxed elementor-section-height-default elementor-section-height-default\" data-id=\"d9114d1\" data-element_type=\"section\" data-settings=\"{&quot;stretch_section&quot;:&quot;section-stretched&quot;,&quot;background_background&quot;:&quot;classic&quot;}\">\n\t\t\t\t\t\t<div class=\"elementor-container elementor-column-gap-default\">\n\t\t\t\t\t<div class=\"elementor-column elementor-col-100 elementor-top-column elementor-element elementor-element-977ef77 sc_inner_width_none sc_content_align_inherit sc_layouts_column_icons_position_left\" data-id=\"977ef77\" data-element_type=\"column\">\n\t\t\t<div class=\"elementor-widget-wrap elementor-element-populated\">\n\t\t\t\t\t\t<div class=\"elementor-element elementor-element-e3f6e75 sc_fly_static elementor-widget elementor-widget-heading\" data-id=\"e3f6e75\" data-element_type=\"widget\" data-widget_type=\"heading.default\">\n\t\t\t\t<div class=\"elementor-widget-container\">\n\t\t\t\t\t<h2 class=\"elementor-heading-title elementor-size-default\">El enfoque de REACH para mejorar las condiciones laborales en el sector cafetero guatemalteco\n<\/h2>\t\t\t\t<\/div>\n\t\t\t\t<\/div>\n\t\t\t\t<div class=\"elementor-element elementor-element-d9545b5 elementor-widget-divider--view-line sc_fly_static elementor-widget elementor-widget-divider\" data-id=\"d9545b5\" data-element_type=\"widget\" data-widget_type=\"divider.default\">\n\t\t\t\t<div class=\"elementor-widget-container\">\n\t\t\t\t\t\t\t<div class=\"elementor-divider\">\n\t\t\t<span class=\"elementor-divider-separator\">\n\t\t\t\t\t\t<\/span>\n\t\t<\/div>\n\t\t\t\t\t\t<\/div>\n\t\t\t\t<\/div>\n\t\t\t\t<div class=\"elementor-element elementor-element-5b6af8c sc_fly_static elementor-widget elementor-widget-text-editor\" data-id=\"5b6af8c\" data-element_type=\"widget\" data-widget_type=\"text-editor.default\">\n\t\t\t\t<div class=\"elementor-widget-container\">\n\t\t\t\t\t\t\t\t\t<p class=\"p1\">Un ejemplo del enfoque de REACH en el dise\u00f1o y la ejecuci\u00f3n de proyectos integrales es el proyecto: Mejora de la transparencia, el seguimiento y la rendici\u00f3n de cuentas de la cadena de suministro en el sector cafetero de Guatemala. REACH fue el ejecutor de todas las actividades en Guatemala de este proyecto dirigido por Verit\u00e9, que se llev\u00f3 a cabo entre 2015 y 2018 con financiaci\u00f3n del Departamento de Estado de Estados Unidos y Keurig Green Mountain. El proyecto incluy\u00f3 los siguientes elementos:<\/p>\t\t\t\t\t\t\t\t<\/div>\n\t\t\t\t<\/div>\n\t\t\t\t<section class=\"elementor-section elementor-inner-section elementor-element elementor-element-22a0714 elementor-section-boxed elementor-section-height-default elementor-section-height-default\" data-id=\"22a0714\" data-element_type=\"section\">\n\t\t\t\t\t\t<div class=\"elementor-container elementor-column-gap-default\">\n\t\t\t\t\t<div class=\"elementor-column elementor-col-50 elementor-inner-column elementor-element elementor-element-0bc1eae sc_inner_width_none sc_content_align_inherit sc_layouts_column_icons_position_left\" data-id=\"0bc1eae\" data-element_type=\"column\">\n\t\t\t<div class=\"elementor-widget-wrap elementor-element-populated\">\n\t\t\t\t\t\t<div class=\"elementor-element elementor-element-c2d87bd sc_fly_static elementor-widget elementor-widget-text-editor\" data-id=\"c2d87bd\" data-element_type=\"widget\" data-widget_type=\"text-editor.default\">\n\t\t\t\t<div class=\"elementor-widget-container\">\n\t\t\t\t\t\t\t\t\t<ul><li><p class=\"p1\">Entrevistas con m\u00e1s de 300 personas trabajadoras sobre las violaciones laborales en el sector del caf\u00e9, as\u00ed como las necesidades, el acceso a la tecnolog\u00eda, los niveles de alfabetizaci\u00f3n, las prioridades y las perspectivas de las personas trabajadoras, con el fin de informar sobre el desarrollo de un mecanismo de queja.<\/p><\/li><li><p class=\"p1\">Mapeo de la cadena de suministro del caf\u00e9, desde los importadores de caf\u00e9 hasta los intermediarios laborales, as\u00ed como el mapeo de los proveedores de servicios gubernamentales y de la sociedad civil en las comunidades de origen de las personas trabajadoras y en las regiones productoras de caf\u00e9.<\/p><\/li><li><p class=\"p1\">Capacitaci\u00f3n a m\u00e1s de 500 personas trabajadoras, funcionarios p\u00fablicos, representantes de ONG y representantes de empresas cafeteras sobre los riesgos laborales identificados por la investigaci\u00f3n y las medidas que pueden adoptar para reducirlos.<\/p><\/li><\/ul>\t\t\t\t\t\t\t\t<\/div>\n\t\t\t\t<\/div>\n\t\t\t\t\t<\/div>\n\t\t<\/div>\n\t\t\t\t<div class=\"elementor-column elementor-col-50 elementor-inner-column elementor-element elementor-element-f358f27 sc_inner_width_none sc_content_align_inherit sc_layouts_column_icons_position_left\" data-id=\"f358f27\" data-element_type=\"column\">\n\t\t\t<div class=\"elementor-widget-wrap elementor-element-populated\">\n\t\t\t\t\t\t<div class=\"elementor-element elementor-element-c973abf sc_fly_static elementor-widget elementor-widget-text-editor\" data-id=\"c973abf\" data-element_type=\"widget\" data-widget_type=\"text-editor.default\">\n\t\t\t\t<div class=\"elementor-widget-container\">\n\t\t\t\t\t\t\t\t\t<ul><li><p class=\"p1\">El desarrollo y la implementaci\u00f3n de un innovador sistema de reporte de quejas y difusi\u00f3n de informaci\u00f3n (GRID, por sus siglas en ingl\u00e9s), disponible en espa\u00f1ol, quich\u00e9, mam y tz&#8217;utujil, que proporcion\u00f3 a m\u00e1s de 1.000 personas trabajadoras informaci\u00f3n sobre sus derechos laborales, un canal para denunciar las violaciones de estos derechos, un mecanismo de reparaci\u00f3n para aquellos que trabajaron en las cadenas de suministro de la empresa y referencias a proveedores de servicios gubernamentales y ONG.<\/p><\/li><\/ul>\t\t\t\t\t\t\t\t<\/div>\n\t\t\t\t<\/div>\n\t\t\t\t\t<\/div>\n\t\t<\/div>\n\t\t\t\t\t<\/div>\n\t\t<\/section>\n\t\t\t\t\t<\/div>\n\t\t<\/div>\n\t\t\t\t\t<\/div>\n\t\t<\/section>\n\t\t\t\t<\/div>\n\t\t","protected":false},"excerpt":{"rendered":"<p>ACCI\u00d3N PARA EL CAMBIO ACCI\u00d3N PARA EL CAMBIO Dise\u00f1amos y ejecutamos proyectos integrales que generan cambios significativos, cuantificables y sostenibles. Nuestros proyectos se centran en los derechos humanos y laborales, la trata de personas, la prevenci\u00f3n de la violencia, la migraci\u00f3n, la capacitaci\u00f3n de las mujeres, etc. Demasiadas veces, los cambios son impuestos por quienes&hellip;<\/p>\n","protected":false},"author":1,"featured_media":0,"parent":0,"menu_order":0,"comment_status":"closed","ping_status":"closed","template":"","meta":{"footnotes":""},"class_list":["post-339","page","type-page","status-publish","hentry"],"_links":{"self":[{"href":"https:\/\/reachtheamericas.org\/es\/wp-json\/wp\/v2\/pages\/339","targetHints":{"allow":["GET"]}}],"collection":[{"href":"https:\/\/reachtheamericas.org\/es\/wp-json\/wp\/v2\/pages"}],"about":[{"href":"https:\/\/reachtheamericas.org\/es\/wp-json\/wp\/v2\/types\/page"}],"author":[{"embeddable":true,"href":"https:\/\/reachtheamericas.org\/es\/wp-json\/wp\/v2\/users\/1"}],"replies":[{"embeddable":true,"href":"https:\/\/reachtheamericas.org\/es\/wp-json\/wp\/v2\/comments?post=339"}],"version-history":[{"count":32,"href":"https:\/\/reachtheamericas.org\/es\/wp-json\/wp\/v2\/pages\/339\/revisions"}],"predecessor-version":[{"id":693,"href":"https:\/\/reachtheamericas.org\/es\/wp-json\/wp\/v2\/pages\/339\/revisions\/693"}],"wp:attachment":[{"href":"https:\/\/reachtheamericas.org\/es\/wp-json\/wp\/v2\/media?parent=339"}],"curies":[{"name":"wp","href":"https:\/\/api.w.org\/{rel}","templated":true}]}}