{"id":334,"date":"2025-03-23T18:04:12","date_gmt":"2025-03-23T18:04:12","guid":{"rendered":"https:\/\/reachtheamericas.org\/es\/\/?page_id=334"},"modified":"2025-05-21T19:54:46","modified_gmt":"2025-05-21T19:54:46","slug":"education","status":"publish","type":"page","link":"https:\/\/reachtheamericas.org\/es\/education\/","title":{"rendered":"education"},"content":{"rendered":"\t\t<div data-elementor-type=\"wp-page\" data-elementor-id=\"334\" class=\"elementor elementor-334\">\n\t\t\t\t\t\t<section class=\"elementor-section elementor-top-section elementor-element elementor-element-a7ddff3 elementor-section-stretched elementor-section-boxed elementor-section-height-default elementor-section-height-default\" data-id=\"a7ddff3\" data-element_type=\"section\" data-settings=\"{&quot;stretch_section&quot;:&quot;section-stretched&quot;,&quot;background_background&quot;:&quot;classic&quot;}\">\n\t\t\t\t\t\t\t<div class=\"elementor-background-overlay\"><\/div>\n\t\t\t\t\t\t\t<div class=\"elementor-container elementor-column-gap-no\">\n\t\t\t\t\t<div class=\"elementor-column elementor-col-100 elementor-top-column elementor-element elementor-element-c2446ee sc_inner_width_none sc_content_align_inherit sc_layouts_column_icons_position_left\" data-id=\"c2446ee\" data-element_type=\"column\">\n\t\t\t<div class=\"elementor-widget-wrap elementor-element-populated\">\n\t\t\t\t\t\t<div class=\"elementor-element elementor-element-d547956 sc_fly_static elementor-widget elementor-widget-heading\" data-id=\"d547956\" data-element_type=\"widget\" data-widget_type=\"heading.default\">\n\t\t\t\t<div class=\"elementor-widget-container\">\n\t\t\t\t\t<h2 class=\"elementor-heading-title elementor-size-default\">EDUCACI\u00d3N<\/h2>\t\t\t\t<\/div>\n\t\t\t\t<\/div>\n\t\t\t\t\t<\/div>\n\t\t<\/div>\n\t\t\t\t\t<\/div>\n\t\t<\/section>\n\t\t\t\t<section class=\"elementor-section elementor-top-section elementor-element elementor-element-b8f38c6 elementor-section-boxed elementor-section-height-default elementor-section-height-default\" data-id=\"b8f38c6\" data-element_type=\"section\" data-settings=\"{&quot;background_background&quot;:&quot;classic&quot;}\">\n\t\t\t\t\t\t<div class=\"elementor-container elementor-column-gap-default\">\n\t\t\t\t\t<div class=\"elementor-column elementor-col-100 elementor-top-column elementor-element elementor-element-9d8588e sc_inner_width_none sc_content_align_inherit sc_layouts_column_icons_position_left\" data-id=\"9d8588e\" data-element_type=\"column\">\n\t\t\t<div class=\"elementor-widget-wrap elementor-element-populated\">\n\t\t\t\t\t\t<div class=\"elementor-element elementor-element-ec4ac59 sc_fly_static elementor-widget elementor-widget-heading\" data-id=\"ec4ac59\" data-element_type=\"widget\" data-widget_type=\"heading.default\">\n\t\t\t\t<div class=\"elementor-widget-container\">\n\t\t\t\t\t<h2 class=\"elementor-heading-title elementor-size-default\">EDUCACI\u00d3N<\/h2>\t\t\t\t<\/div>\n\t\t\t\t<\/div>\n\t\t\t\t<div class=\"elementor-element elementor-element-a1292da elementor-widget-divider--view-line sc_fly_static elementor-widget elementor-widget-divider\" data-id=\"a1292da\" data-element_type=\"widget\" data-widget_type=\"divider.default\">\n\t\t\t\t<div class=\"elementor-widget-container\">\n\t\t\t\t\t\t\t<div class=\"elementor-divider\">\n\t\t\t<span class=\"elementor-divider-separator\">\n\t\t\t\t\t\t<\/span>\n\t\t<\/div>\n\t\t\t\t\t\t<\/div>\n\t\t\t\t<\/div>\n\t\t\t\t<section class=\"elementor-section elementor-inner-section elementor-element elementor-element-43080a1 elementor-section-boxed elementor-section-height-default elementor-section-height-default\" data-id=\"43080a1\" data-element_type=\"section\">\n\t\t\t\t\t\t<div class=\"elementor-container elementor-column-gap-default\">\n\t\t\t\t\t<div class=\"elementor-column elementor-col-50 elementor-inner-column elementor-element elementor-element-ea78a41 sc_inner_width_none sc_content_align_inherit sc_layouts_column_icons_position_left\" data-id=\"ea78a41\" data-element_type=\"column\">\n\t\t\t<div class=\"elementor-widget-wrap elementor-element-populated\">\n\t\t\t\t\t\t<div class=\"elementor-element elementor-element-725f3bb sc_fly_static elementor-widget elementor-widget-text-editor\" data-id=\"725f3bb\" data-element_type=\"widget\" data-widget_type=\"text-editor.default\">\n\t\t\t\t<div class=\"elementor-widget-container\">\n\t\t\t\t\t\t\t\t\t<p class=\"p1\">REACH lleva a cabo programas de formaci\u00f3n y sensibilizaci\u00f3n dirigidos a poblaciones vulnerables, as\u00ed como a representantes de empresas, organizaciones de la sociedad civil y organismos gubernamentales.<\/p><p class=\"p1\">En el caso de las poblaciones vulnerables, llevamos a cabo programas de educaci\u00f3n y concientizaci\u00f3n para evitar que las personas en situaci\u00f3n de riesgo se conviertan en v\u00edctimas de la trata de personas; informamos a los sobrevivientes de violaciones de los derechos humanos y laborales sobre los servicios que tienen a su disposici\u00f3n; impartimos capacitaciones para crear formas alternativas de generar ingresos y lograr la independencia econ\u00f3mica; y promovemos el acceso de mujeres, ni\u00f1os, ni\u00f1as y adolescentes a la educaci\u00f3n formal e informal para que tengan m\u00e1s posibilidades de salir del c\u00edrculo de la pobreza.<\/p><p class=\"p1\">Capacitamos a funcionarios p\u00fablicos y organizaciones de la sociedad civil sobre las violaciones de los derechos humanos y laborales y sus causas profundas \u2013 descubiertas por nuestra investigaci\u00f3n \u2013 as\u00ed como sobre las medidas que pueden tomar para proteger a las poblaciones vulnerables. Capacitamos a las empresas sobre las medidas eficaces que pueden tomar para identificar y prevenir pro activamente las violaciones de los derechos humanos y laborales en sus cadenas de suministro.<\/p>\t\t\t\t\t\t\t\t<\/div>\n\t\t\t\t<\/div>\n\t\t\t\t\t<\/div>\n\t\t<\/div>\n\t\t\t\t<div class=\"elementor-column elementor-col-50 elementor-inner-column elementor-element elementor-element-0f482d2 sc_inner_width_none sc_content_align_inherit sc_layouts_column_icons_position_left\" data-id=\"0f482d2\" data-element_type=\"column\" data-settings=\"{&quot;background_background&quot;:&quot;classic&quot;}\">\n\t\t\t<div class=\"elementor-widget-wrap elementor-element-populated\">\n\t\t\t\t\t\t<div class=\"elementor-element elementor-element-609cd63 sc_fly_static elementor-widget elementor-widget-image\" data-id=\"609cd63\" data-element_type=\"widget\" data-widget_type=\"image.default\">\n\t\t\t\t<div class=\"elementor-widget-container\">\n\t\t\t\t\t\t\t\t\t\t\t\t\t\t\t<img decoding=\"async\" src=\"https:\/\/reachtheamericas.org\/es\/wp-content\/uploads\/elementor\/thumbs\/2-1-r5oi7a1ytkgoe8pi9rt22t157ffngh7piq9j02g13c.jpg\" title=\"2\" alt=\"2\" loading=\"lazy\" \/>\t\t\t\t\t\t\t\t\t\t\t\t\t\t\t<\/div>\n\t\t\t\t<\/div>\n\t\t\t\t<div class=\"elementor-element elementor-element-d8c7ef6 sc_fly_static elementor-widget elementor-widget-heading\" data-id=\"d8c7ef6\" data-element_type=\"widget\" data-widget_type=\"heading.default\">\n\t\t\t\t<div class=\"elementor-widget-container\">\n\t\t\t\t\t<h2 class=\"elementor-heading-title elementor-size-default\">Talleres sobre violencia dom\u00e9stica y sexual\n<\/h2>\t\t\t\t<\/div>\n\t\t\t\t<\/div>\n\t\t\t\t<div class=\"elementor-element elementor-element-ee83d6a sc_fly_static elementor-widget elementor-widget-text-editor\" data-id=\"ee83d6a\" data-element_type=\"widget\" data-widget_type=\"text-editor.default\">\n\t\t\t\t<div class=\"elementor-widget-container\">\n\t\t\t\t\t\t\t\t\t<p class=\"p1\">REACH imparti\u00f3 talleres a mujeres, ni\u00f1os, ni\u00f1as y adolescentes sobre la prevenci\u00f3n de<span class=\"Apple-converted-space\">\u00a0 <\/span>la violencia dom\u00e9stica y sexual en Massachusetts (EE.UU.), Quetzaltenango (Guatemala) y Cuzco (Per\u00fa). Los talleres se impartieron gratuitamente a m\u00e1s de 1.000 mujeres, ni\u00f1os, ni\u00f1as y adolescentes que hab\u00edan sufrido violencia dom\u00e9stica o sexual, o que estaban en situaci\u00f3n de alto riesgo.<\/p>\t\t\t\t\t\t\t\t<\/div>\n\t\t\t\t<\/div>\n\t\t\t\t\t<\/div>\n\t\t<\/div>\n\t\t\t\t\t<\/div>\n\t\t<\/section>\n\t\t\t\t\t<\/div>\n\t\t<\/div>\n\t\t\t\t\t<\/div>\n\t\t<\/section>\n\t\t\t\t<\/div>\n\t\t","protected":false},"excerpt":{"rendered":"<p>EDUCACI\u00d3N EDUCACI\u00d3N REACH lleva a cabo programas de formaci\u00f3n y sensibilizaci\u00f3n dirigidos a poblaciones vulnerables, as\u00ed como a representantes de empresas, organizaciones de la sociedad civil y organismos gubernamentales. En el caso de las poblaciones vulnerables, llevamos a cabo programas de educaci\u00f3n y concientizaci\u00f3n para evitar que las personas en situaci\u00f3n de riesgo se conviertan&hellip;<\/p>\n","protected":false},"author":1,"featured_media":0,"parent":0,"menu_order":0,"comment_status":"closed","ping_status":"closed","template":"","meta":{"footnotes":""},"class_list":["post-334","page","type-page","status-publish","hentry"],"_links":{"self":[{"href":"https:\/\/reachtheamericas.org\/es\/wp-json\/wp\/v2\/pages\/334","targetHints":{"allow":["GET"]}}],"collection":[{"href":"https:\/\/reachtheamericas.org\/es\/wp-json\/wp\/v2\/pages"}],"about":[{"href":"https:\/\/reachtheamericas.org\/es\/wp-json\/wp\/v2\/types\/page"}],"author":[{"embeddable":true,"href":"https:\/\/reachtheamericas.org\/es\/wp-json\/wp\/v2\/users\/1"}],"replies":[{"embeddable":true,"href":"https:\/\/reachtheamericas.org\/es\/wp-json\/wp\/v2\/comments?post=334"}],"version-history":[{"count":19,"href":"https:\/\/reachtheamericas.org\/es\/wp-json\/wp\/v2\/pages\/334\/revisions"}],"predecessor-version":[{"id":729,"href":"https:\/\/reachtheamericas.org\/es\/wp-json\/wp\/v2\/pages\/334\/revisions\/729"}],"wp:attachment":[{"href":"https:\/\/reachtheamericas.org\/es\/wp-json\/wp\/v2\/media?parent=334"}],"curies":[{"name":"wp","href":"https:\/\/api.w.org\/{rel}","templated":true}]}}