{"id":329,"date":"2025-03-23T18:02:40","date_gmt":"2025-03-23T18:02:40","guid":{"rendered":"https:\/\/reachtheamericas.org\/es\/\/?page_id=329"},"modified":"2025-05-21T19:52:11","modified_gmt":"2025-05-21T19:52:11","slug":"research","status":"publish","type":"page","link":"https:\/\/reachtheamericas.org\/es\/research\/","title":{"rendered":"Research"},"content":{"rendered":"\t\t<div data-elementor-type=\"wp-page\" data-elementor-id=\"329\" class=\"elementor elementor-329\">\n\t\t\t\t\t\t<section class=\"elementor-section elementor-top-section elementor-element elementor-element-8e9391d elementor-section-stretched elementor-section-boxed elementor-section-height-default elementor-section-height-default\" data-id=\"8e9391d\" data-element_type=\"section\" data-settings=\"{&quot;stretch_section&quot;:&quot;section-stretched&quot;,&quot;background_background&quot;:&quot;classic&quot;}\">\n\t\t\t\t\t\t\t<div class=\"elementor-background-overlay\"><\/div>\n\t\t\t\t\t\t\t<div class=\"elementor-container elementor-column-gap-no\">\n\t\t\t\t\t<div class=\"elementor-column elementor-col-100 elementor-top-column elementor-element elementor-element-9900623 sc_inner_width_none sc_content_align_inherit sc_layouts_column_icons_position_left\" data-id=\"9900623\" data-element_type=\"column\">\n\t\t\t<div class=\"elementor-widget-wrap elementor-element-populated\">\n\t\t\t\t\t\t<div class=\"elementor-element elementor-element-0f6c883 sc_fly_static elementor-widget elementor-widget-heading\" data-id=\"0f6c883\" data-element_type=\"widget\" data-widget_type=\"heading.default\">\n\t\t\t\t<div class=\"elementor-widget-container\">\n\t\t\t\t\t<h2 class=\"elementor-heading-title elementor-size-default\">INVESTIGACI\u00f3N<\/h2>\t\t\t\t<\/div>\n\t\t\t\t<\/div>\n\t\t\t\t\t<\/div>\n\t\t<\/div>\n\t\t\t\t\t<\/div>\n\t\t<\/section>\n\t\t\t\t<section class=\"elementor-section elementor-top-section elementor-element elementor-element-14ba18c elementor-section-boxed elementor-section-height-default elementor-section-height-default\" data-id=\"14ba18c\" data-element_type=\"section\">\n\t\t\t\t\t\t<div class=\"elementor-container elementor-column-gap-default\">\n\t\t\t\t\t<div class=\"elementor-column elementor-col-100 elementor-top-column elementor-element elementor-element-9034ca2 sc_inner_width_none sc_content_align_inherit sc_layouts_column_icons_position_left\" data-id=\"9034ca2\" data-element_type=\"column\">\n\t\t\t<div class=\"elementor-widget-wrap elementor-element-populated\">\n\t\t\t\t\t\t<div class=\"elementor-element elementor-element-85f05c0 sc_fly_static elementor-widget elementor-widget-heading\" data-id=\"85f05c0\" data-element_type=\"widget\" data-widget_type=\"heading.default\">\n\t\t\t\t<div class=\"elementor-widget-container\">\n\t\t\t\t\t<h2 class=\"elementor-heading-title elementor-size-default\">Investigaci\u00f3n\n<\/h2>\t\t\t\t<\/div>\n\t\t\t\t<\/div>\n\t\t\t\t<div class=\"elementor-element elementor-element-0da7d83 elementor-widget-divider--view-line sc_fly_static elementor-widget elementor-widget-divider\" data-id=\"0da7d83\" data-element_type=\"widget\" data-widget_type=\"divider.default\">\n\t\t\t\t<div class=\"elementor-widget-container\">\n\t\t\t\t\t\t\t<div class=\"elementor-divider\">\n\t\t\t<span class=\"elementor-divider-separator\">\n\t\t\t\t\t\t<\/span>\n\t\t<\/div>\n\t\t\t\t\t\t<\/div>\n\t\t\t\t<\/div>\n\t\t\t\t<section class=\"elementor-section elementor-inner-section elementor-element elementor-element-7b3bf5e elementor-section-boxed elementor-section-height-default elementor-section-height-default\" data-id=\"7b3bf5e\" data-element_type=\"section\">\n\t\t\t\t\t\t<div class=\"elementor-container elementor-column-gap-default\">\n\t\t\t\t\t<div class=\"elementor-column elementor-col-50 elementor-inner-column elementor-element elementor-element-23ab38a sc_inner_width_none sc_content_align_inherit sc_layouts_column_icons_position_left\" data-id=\"23ab38a\" data-element_type=\"column\">\n\t\t\t<div class=\"elementor-widget-wrap elementor-element-populated\">\n\t\t\t\t\t\t<div class=\"elementor-element elementor-element-39c01ec sc_fly_static elementor-widget elementor-widget-text-editor\" data-id=\"39c01ec\" data-element_type=\"widget\" data-widget_type=\"text-editor.default\">\n\t\t\t\t<div class=\"elementor-widget-container\">\n\t\t\t\t\t\t\t\t\t<p class=\"p1\">REACH cuenta con casi 20 a\u00f1os de experiencia en la realizaci\u00f3n de investigaciones de escritorio y de campo, tanto cualitativas y cuantitativas, sobre cuestiones laborales y de derechos humanos en una amplia gama de pa\u00edses de las Am\u00e9ricas. Nuestra experiencia incluye el dise\u00f1o de metodolog\u00edas y herramientas de investigaci\u00f3n a medida; la realizaci\u00f3n de investigaciones de escritorio; la realizaci\u00f3n de entrevistas con expertos y poblaciones vulnerables y de dif\u00edcil acceso; el an\u00e1lisis de datos; y la redacci\u00f3n de informes completos y matizados que detallan los hallazgos y las recomendaciones, tanto en ingl\u00e9s como en espa\u00f1ol. Ilustramos las violaciones de los derechos humanos y sus causas profundas y elaboramos recomendaciones basadas en la investigaci\u00f3n para prevenir y abordar estos problemas y sus causas.<\/p><p class=\"p1\">Es esencial entrevistar a las personas directamente afectadas por las violaciones de los derechos humanos y laborales para obtener informaci\u00f3n sobre sus experiencias y perspectivas y sobre la mejor manera de abordar los problemas a los que se enfrentan.<\/p>\t\t\t\t\t\t\t\t<\/div>\n\t\t\t\t<\/div>\n\t\t\t\t\t<\/div>\n\t\t<\/div>\n\t\t\t\t<div class=\"elementor-column elementor-col-50 elementor-inner-column elementor-element elementor-element-cb89eda sc_inner_width_none sc_content_align_inherit sc_layouts_column_icons_position_left\" data-id=\"cb89eda\" data-element_type=\"column\">\n\t\t\t<div class=\"elementor-widget-wrap elementor-element-populated\">\n\t\t\t\t\t\t<div class=\"elementor-element elementor-element-6483132 sc_fly_static elementor-widget elementor-widget-text-editor\" data-id=\"6483132\" data-element_type=\"widget\" data-widget_type=\"text-editor.default\">\n\t\t\t\t<div class=\"elementor-widget-container\">\n\t\t\t\t\t\t\t\t\t<p class=\"p1\">Por ello, hemos desarrollado una metodolog\u00eda innovadora para identificar y entrevistar a las v\u00edctimas de violaciones de los derechos humanos y laborales, incluidos los migrantes, en sus comunidades de origen, de modo que puedan compartir informaci\u00f3n sensible de forma segura con un riesgo reducido de represalias.<\/p><p class=\"p1\">REACH es uno de los principales expertos en investigaci\u00f3n de campo sobre asuntos laborales en las Am\u00e9ricas, especialmente en el trabajo forzoso y la trata de personas. Hemos llevado a cabo investigaciones en m\u00e1s de una docena de pa\u00edses y diez sectores, incluidos la agricultura, la pesca, las industrias extractivas, la construcci\u00f3n y los servicios.<\/p>\t\t\t\t\t\t\t\t<\/div>\n\t\t\t\t<\/div>\n\t\t\t\t<div class=\"elementor-element elementor-element-8543105 elementor-align-left sc_fly_static elementor-widget elementor-widget-button\" data-id=\"8543105\" data-element_type=\"widget\" data-widget_type=\"button.default\">\n\t\t\t\t<div class=\"elementor-widget-container\">\n\t\t\t\t\t\t\t\t\t<div class=\"elementor-button-wrapper\">\n\t\t\t\t\t<a class=\"elementor-button elementor-button-link elementor-size-sm\" href=\"https:\/\/reachtheamericas.org\/es\/research-project-publications-by-country\/\">\n\t\t\t\t\t\t<span class=\"elementor-button-content-wrapper\">\n\t\t\t\t\t\t\t\t\t<span class=\"elementor-button-text\">M\u00e1s informaci\u00f3n<\/span>\n\t\t\t\t\t<\/span>\n\t\t\t\t\t<\/a>\n\t\t\t\t<\/div>\n\t\t\t\t\t\t\t\t<\/div>\n\t\t\t\t<\/div>\n\t\t\t\t\t<\/div>\n\t\t<\/div>\n\t\t\t\t\t<\/div>\n\t\t<\/section>\n\t\t\t\t\t<\/div>\n\t\t<\/div>\n\t\t\t\t\t<\/div>\n\t\t<\/section>\n\t\t\t\t<section class=\"elementor-section elementor-top-section elementor-element elementor-element-1bbdd94 elementor-section-full_width elementor-section-stretched elementor-section-height-default elementor-section-height-default\" data-id=\"1bbdd94\" data-element_type=\"section\" data-settings=\"{&quot;stretch_section&quot;:&quot;section-stretched&quot;}\">\n\t\t\t\t\t\t<div class=\"elementor-container elementor-column-gap-no\">\n\t\t\t\t\t<div class=\"elementor-column elementor-col-100 elementor-top-column elementor-element elementor-element-bc34ad3 sc_inner_width_none sc_content_align_inherit sc_layouts_column_icons_position_left\" data-id=\"bc34ad3\" data-element_type=\"column\">\n\t\t\t<div class=\"elementor-widget-wrap elementor-element-populated\">\n\t\t\t\t\t\t<div class=\"elementor-element elementor-element-9b93267 sc_fly_static elementor-widget elementor-widget-image-carousel\" data-id=\"9b93267\" data-element_type=\"widget\" data-settings=\"{&quot;slides_to_show&quot;:&quot;4&quot;,&quot;navigation&quot;:&quot;none&quot;,&quot;speed&quot;:500}\" data-widget_type=\"image-carousel.default\">\n\t\t\t\t<div class=\"elementor-widget-container\">\n\t\t\t\t\t\t\t<div class=\"elementor-image-carousel-wrapper swiper\" role=\"region\" aria-roledescription=\"carousel\" aria-label=\"Image Carousel\" dir=\"ltr\">\n\t\t\t<div class=\"elementor-image-carousel swiper-wrapper\" aria-live=\"polite\">\n\t\t\t\t\t\t\t\t<div class=\"swiper-slide\" role=\"group\" aria-roledescription=\"slide\" aria-label=\"1 de 4\"><figure class=\"swiper-slide-inner\"><img decoding=\"async\" class=\"swiper-slide-image\" src=\"https:\/\/reachtheamericas.org\/es\/wp-content\/uploads\/2025\/03\/gal-4.jpg\" alt=\"gal-4.jpg\" \/><\/figure><\/div><div class=\"swiper-slide\" role=\"group\" aria-roledescription=\"slide\" aria-label=\"2 de 4\"><figure class=\"swiper-slide-inner\"><img decoding=\"async\" class=\"swiper-slide-image\" src=\"https:\/\/reachtheamericas.org\/es\/wp-content\/uploads\/2025\/03\/gal-3.jpg\" alt=\"gal-3.jpg\" \/><\/figure><\/div><div class=\"swiper-slide\" role=\"group\" aria-roledescription=\"slide\" aria-label=\"3 de 4\"><figure class=\"swiper-slide-inner\"><img decoding=\"async\" class=\"swiper-slide-image\" src=\"https:\/\/reachtheamericas.org\/es\/wp-content\/uploads\/2025\/03\/gal2.jpg\" alt=\"gal2.jpg\" \/><\/figure><\/div><div class=\"swiper-slide\" role=\"group\" aria-roledescription=\"slide\" aria-label=\"4 de 4\"><figure class=\"swiper-slide-inner\"><img decoding=\"async\" class=\"swiper-slide-image\" src=\"https:\/\/reachtheamericas.org\/es\/wp-content\/uploads\/2025\/03\/gal-1.jpg\" alt=\"gal-1.jpg\" \/><\/figure><\/div>\t\t\t<\/div>\n\t\t\t\t\t\t\t\n\t\t\t\t\t\t\t\t\t<\/div>\n\t\t\t\t\t\t<\/div>\n\t\t\t\t<\/div>\n\t\t\t\t\t<\/div>\n\t\t<\/div>\n\t\t\t\t\t<\/div>\n\t\t<\/section>\n\t\t\t\t<\/div>\n\t\t","protected":false},"excerpt":{"rendered":"<p>INVESTIGACI\u00f3N Investigaci\u00f3n REACH cuenta con casi 20 a\u00f1os de experiencia en la realizaci\u00f3n de investigaciones de escritorio y de campo, tanto cualitativas y cuantitativas, sobre cuestiones laborales y de derechos humanos en una amplia gama de pa\u00edses de las Am\u00e9ricas. Nuestra experiencia incluye el dise\u00f1o de metodolog\u00edas y herramientas de investigaci\u00f3n a medida; la realizaci\u00f3n&hellip;<\/p>\n","protected":false},"author":1,"featured_media":0,"parent":0,"menu_order":0,"comment_status":"closed","ping_status":"closed","template":"","meta":{"footnotes":""},"class_list":["post-329","page","type-page","status-publish","hentry"],"_links":{"self":[{"href":"https:\/\/reachtheamericas.org\/es\/wp-json\/wp\/v2\/pages\/329","targetHints":{"allow":["GET"]}}],"collection":[{"href":"https:\/\/reachtheamericas.org\/es\/wp-json\/wp\/v2\/pages"}],"about":[{"href":"https:\/\/reachtheamericas.org\/es\/wp-json\/wp\/v2\/types\/page"}],"author":[{"embeddable":true,"href":"https:\/\/reachtheamericas.org\/es\/wp-json\/wp\/v2\/users\/1"}],"replies":[{"embeddable":true,"href":"https:\/\/reachtheamericas.org\/es\/wp-json\/wp\/v2\/comments?post=329"}],"version-history":[{"count":40,"href":"https:\/\/reachtheamericas.org\/es\/wp-json\/wp\/v2\/pages\/329\/revisions"}],"predecessor-version":[{"id":717,"href":"https:\/\/reachtheamericas.org\/es\/wp-json\/wp\/v2\/pages\/329\/revisions\/717"}],"wp:attachment":[{"href":"https:\/\/reachtheamericas.org\/es\/wp-json\/wp\/v2\/media?parent=329"}],"curies":[{"name":"wp","href":"https:\/\/api.w.org\/{rel}","templated":true}]}}