{"id":286,"date":"2025-03-23T17:28:20","date_gmt":"2025-03-23T17:28:20","guid":{"rendered":"https:\/\/reachtheamericas.org\/es\/\/?page_id=286"},"modified":"2025-05-21T19:49:54","modified_gmt":"2025-05-21T19:49:54","slug":"our-expertise","status":"publish","type":"page","link":"https:\/\/reachtheamericas.org\/es\/our-expertise\/","title":{"rendered":"NUESTRA EXPERIENCIA"},"content":{"rendered":"\t\t<div data-elementor-type=\"wp-page\" data-elementor-id=\"286\" class=\"elementor elementor-286\">\n\t\t\t\t\t\t<section class=\"elementor-section elementor-top-section elementor-element elementor-element-3049721 elementor-section-stretched elementor-section-boxed elementor-section-height-default elementor-section-height-default\" data-id=\"3049721\" data-element_type=\"section\" data-settings=\"{&quot;stretch_section&quot;:&quot;section-stretched&quot;,&quot;background_background&quot;:&quot;classic&quot;}\">\n\t\t\t\t\t\t\t<div class=\"elementor-background-overlay\"><\/div>\n\t\t\t\t\t\t\t<div class=\"elementor-container elementor-column-gap-no\">\n\t\t\t\t\t<div class=\"elementor-column elementor-col-100 elementor-top-column elementor-element elementor-element-0d2b039 sc_inner_width_none sc_content_align_inherit sc_layouts_column_icons_position_left\" data-id=\"0d2b039\" data-element_type=\"column\">\n\t\t\t<div class=\"elementor-widget-wrap elementor-element-populated\">\n\t\t\t\t\t\t<div class=\"elementor-element elementor-element-b9f5db0 sc_fly_static elementor-widget elementor-widget-heading\" data-id=\"b9f5db0\" data-element_type=\"widget\" data-widget_type=\"heading.default\">\n\t\t\t\t<div class=\"elementor-widget-container\">\n\t\t\t\t\t<h2 class=\"elementor-heading-title elementor-size-default\">NUESTRA EXPERIENCIA<\/h2>\t\t\t\t<\/div>\n\t\t\t\t<\/div>\n\t\t\t\t\t<\/div>\n\t\t<\/div>\n\t\t\t\t\t<\/div>\n\t\t<\/section>\n\t\t\t\t<section class=\"elementor-section elementor-top-section elementor-element elementor-element-8f30111 elementor-section-boxed elementor-section-height-default elementor-section-height-default\" data-id=\"8f30111\" data-element_type=\"section\">\n\t\t\t\t\t\t<div class=\"elementor-container elementor-column-gap-default\">\n\t\t\t\t\t<div class=\"elementor-column elementor-col-100 elementor-top-column elementor-element elementor-element-88f89dd sc_inner_width_none sc_content_align_inherit sc_layouts_column_icons_position_left\" data-id=\"88f89dd\" data-element_type=\"column\">\n\t\t\t<div class=\"elementor-widget-wrap elementor-element-populated\">\n\t\t\t\t\t\t<div class=\"elementor-element elementor-element-012e160 sc_fly_static elementor-widget elementor-widget-heading\" data-id=\"012e160\" data-element_type=\"widget\" data-widget_type=\"heading.default\">\n\t\t\t\t<div class=\"elementor-widget-container\">\n\t\t\t\t\t<h2 class=\"elementor-heading-title elementor-size-default\">Nuestras \u00e1reas de especializaci\u00f3n\n<\/h2>\t\t\t\t<\/div>\n\t\t\t\t<\/div>\n\t\t\t\t<div class=\"elementor-element elementor-element-92dae61 elementor-widget-divider--view-line sc_fly_static elementor-widget elementor-widget-divider\" data-id=\"92dae61\" data-element_type=\"widget\" data-widget_type=\"divider.default\">\n\t\t\t\t<div class=\"elementor-widget-container\">\n\t\t\t\t\t\t\t<div class=\"elementor-divider\">\n\t\t\t<span class=\"elementor-divider-separator\">\n\t\t\t\t\t\t<\/span>\n\t\t<\/div>\n\t\t\t\t\t\t<\/div>\n\t\t\t\t<\/div>\n\t\t\t\t<div class=\"elementor-element elementor-element-16f9e73 sc_fly_static elementor-widget elementor-widget-text-editor\" data-id=\"16f9e73\" data-element_type=\"widget\" data-widget_type=\"text-editor.default\">\n\t\t\t\t<div class=\"elementor-widget-container\">\n\t\t\t\t\t\t\t\t\t<p class=\"p1\">REACH ha trabajado en diversos sectores en todo el continente americano en una amplia gama de temas, pero los temas, pa\u00edses y sectores en los que tenemos m\u00e1s experticia en la ejecuci\u00f3n de proyectos son los siguientes:<\/p>\t\t\t\t\t\t\t\t<\/div>\n\t\t\t\t<\/div>\n\t\t\t\t\t<\/div>\n\t\t<\/div>\n\t\t\t\t\t<\/div>\n\t\t<\/section>\n\t\t\t\t<section class=\"elementor-section elementor-top-section elementor-element elementor-element-3c2706d elementor-section-stretched elementor-section-boxed elementor-section-height-default elementor-section-height-default\" data-id=\"3c2706d\" data-element_type=\"section\" data-settings=\"{&quot;stretch_section&quot;:&quot;section-stretched&quot;}\">\n\t\t\t\t\t\t<div class=\"elementor-container elementor-column-gap-extended\">\n\t\t\t\t\t<div class=\"elementor-column elementor-col-50 elementor-top-column elementor-element elementor-element-dca983f sc_inner_width_none sc_content_align_inherit sc_layouts_column_icons_position_left\" data-id=\"dca983f\" data-element_type=\"column\">\n\t\t\t<div class=\"elementor-widget-wrap elementor-element-populated\">\n\t\t\t\t\t\t<div class=\"elementor-element elementor-element-feb2779 sc_fly_static elementor-widget elementor-widget-heading\" data-id=\"feb2779\" data-element_type=\"widget\" data-widget_type=\"heading.default\">\n\t\t\t\t<div class=\"elementor-widget-container\">\n\t\t\t\t\t<h2 class=\"elementor-heading-title elementor-size-default\">Temas de inter\u00e9s\n<\/h2>\t\t\t\t<\/div>\n\t\t\t\t<\/div>\n\t\t\t\t<div class=\"elementor-element elementor-element-26db15b sc_fly_static elementor-widget elementor-widget-text-editor\" data-id=\"26db15b\" data-element_type=\"widget\" data-widget_type=\"text-editor.default\">\n\t\t\t\t<div class=\"elementor-widget-container\">\n\t\t\t\t\t\t\t\t\t<p class=\"p1\">&#8211; Trabajo forzoso, trata de personas y esclavitud moderna<\/p><p>&#8211; Trabajo infantil y otras violaciones de los derechos de ni\u00f1os, ni\u00f1as y adolescentes<\/p><p class=\"p1\">&#8211; Condiciones de trabajo: salarios, horas de trabajo y salud y seguridad en el trabajo<\/p><p class=\"p1\">&#8211; Discriminaci\u00f3n contra las mujeres y las minor\u00edas raciales y \u00e9tnicas<\/p><p class=\"p1\">&#8211; Mecanismos de queja para personas trabajadoras y libertad de asociaci\u00f3n<\/p><p class=\"p1\">&#8211; Migraci\u00f3n, incluida la migraci\u00f3n laboral y el desplazamiento forzoso<\/p><p class=\"p1\">&#8211; Impactos de la delincuencia organizada, las maras y los grupos armados en las poblaciones vulnerables<\/p><p class=\"p1\">&#8211; Violencia contra las mujeres y empoderamiento y capacitaci\u00f3n de las mujeres<\/p>\t\t\t\t\t\t\t\t<\/div>\n\t\t\t\t<\/div>\n\t\t\t\t\t<\/div>\n\t\t<\/div>\n\t\t\t\t<div class=\"elementor-column elementor-col-50 elementor-top-column elementor-element elementor-element-69ae6e7 sc_inner_width_none sc_content_align_inherit sc_layouts_column_icons_position_left\" data-id=\"69ae6e7\" data-element_type=\"column\">\n\t\t\t<div class=\"elementor-widget-wrap elementor-element-populated\">\n\t\t\t\t\t\t<div class=\"elementor-element elementor-element-8bd2e8f sc_fly_static elementor-widget elementor-widget-image\" data-id=\"8bd2e8f\" data-element_type=\"widget\" data-widget_type=\"image.default\">\n\t\t\t\t<div class=\"elementor-widget-container\">\n\t\t\t\t\t\t\t\t\t\t\t\t\t\t\t<img decoding=\"async\" src=\"https:\/\/reachtheamericas.org\/es\/wp-content\/uploads\/elementor\/thumbs\/cocoa-r5oi7a1ytkh8uu1sluhilwv5l9vuqd6w47rd10z04w.jpg\" title=\"cocoa.jpg\" alt=\"cocoa.jpg\" loading=\"lazy\" \/>\t\t\t\t\t\t\t\t\t\t\t\t\t\t\t<\/div>\n\t\t\t\t<\/div>\n\t\t\t\t\t<\/div>\n\t\t<\/div>\n\t\t\t\t\t<\/div>\n\t\t<\/section>\n\t\t\t\t<section class=\"elementor-section elementor-top-section elementor-element elementor-element-a84495e elementor-section-stretched elementor-section-boxed elementor-section-height-default elementor-section-height-default\" data-id=\"a84495e\" data-element_type=\"section\" data-settings=\"{&quot;stretch_section&quot;:&quot;section-stretched&quot;,&quot;background_background&quot;:&quot;classic&quot;}\">\n\t\t\t\t\t\t<div class=\"elementor-container elementor-column-gap-extended\">\n\t\t\t\t\t<div class=\"elementor-column elementor-col-50 elementor-top-column elementor-element elementor-element-434d7c3 sc_inner_width_none sc_content_align_inherit sc_layouts_column_icons_position_left\" data-id=\"434d7c3\" data-element_type=\"column\">\n\t\t\t<div class=\"elementor-widget-wrap elementor-element-populated\">\n\t\t\t\t\t\t<div class=\"elementor-element elementor-element-b097bf1 sc_fly_static elementor-widget elementor-widget-image\" data-id=\"b097bf1\" data-element_type=\"widget\" data-widget_type=\"image.default\">\n\t\t\t\t<div class=\"elementor-widget-container\">\n\t\t\t\t\t\t\t\t\t\t\t\t\t\t\t<img decoding=\"async\" src=\"https:\/\/reachtheamericas.org\/es\/wp-content\/uploads\/elementor\/thumbs\/1-1-r5oi7a1ytkh8uu1sluhilwv5l9vuqd6w47rd10z04w.jpg\" title=\"1\" alt=\"1\" loading=\"lazy\" \/>\t\t\t\t\t\t\t\t\t\t\t\t\t\t\t<\/div>\n\t\t\t\t<\/div>\n\t\t\t\t\t<\/div>\n\t\t<\/div>\n\t\t\t\t<div class=\"elementor-column elementor-col-50 elementor-top-column elementor-element elementor-element-05500d5 sc_inner_width_none sc_content_align_inherit sc_layouts_column_icons_position_left\" data-id=\"05500d5\" data-element_type=\"column\">\n\t\t\t<div class=\"elementor-widget-wrap elementor-element-populated\">\n\t\t\t\t\t\t<div class=\"elementor-element elementor-element-deb876e sc_fly_static elementor-widget elementor-widget-heading\" data-id=\"deb876e\" data-element_type=\"widget\" data-widget_type=\"heading.default\">\n\t\t\t\t<div class=\"elementor-widget-container\">\n\t\t\t\t\t<h2 class=\"elementor-heading-title elementor-size-default\">Paises<\/h2>\t\t\t\t<\/div>\n\t\t\t\t<\/div>\n\t\t\t\t<div class=\"elementor-element elementor-element-8e1cd09 sc_fly_static elementor-widget elementor-widget-text-editor\" data-id=\"8e1cd09\" data-element_type=\"widget\" data-widget_type=\"text-editor.default\">\n\t\t\t\t<div class=\"elementor-widget-container\">\n\t\t\t\t\t\t\t\t\t<ul><li><a href=\"https:\/\/reachtheamericas.org\/es\/research-project-publications-by-country#united-states\">Estados Unidos<\/a><\/li><li><a href=\"https:\/\/reachtheamericas.org\/es\/research-project-publications-by-country#mexico\">M\u00e9xico<\/a><\/li><li><a href=\"https:\/\/reachtheamericas.org\/es\/research-project-publications-by-country#guatemala\">Guatemala<\/a><\/li><li><a href=\"https:\/\/reachtheamericas.org\/es\/research-project-publications-by-country#el-salvador\">El Salvador<\/a><\/li><li><a href=\"https:\/\/reachtheamericas.org\/es\/research-project-publications-by-country#honduras\">Honduras<\/a><\/li><li><a href=\"https:\/\/reachtheamericas.org\/es\/research-project-publications-by-country#nicaragua\">Nicaragua<\/a><\/li><li><a href=\"https:\/\/reachtheamericas.org\/es\/research-project-publications-by-country#costa-rica\">Costa Rica<\/a><\/li><li><a href=\"https:\/\/reachtheamericas.org\/es\/research-project-publications-by-country#panama\">Panam\u00e1<\/a><\/li><li><a href=\"https:\/\/reachtheamericas.org\/es\/research-project-publications-by-country#dominican-republic\">Rep\u00fablica <\/a><a href=\"https:\/\/reachtheamericas.org\/es\/research-project-publications-by-country#dominican-republic\">Dominicana<\/a><\/li><li><a href=\"https:\/\/reachtheamericas.org\/es\/research-project-publications-by-country#colombia\">Colombia<\/a><\/li><li><a href=\"https:\/\/reachtheamericas.org\/es\/research-project-publications-by-country#brazil\">Brasil<\/a><\/li><li><a href=\"https:\/\/reachtheamericas.org\/es\/research-project-publications-by-country#ecuador\">Ecuador<\/a><\/li><li><a href=\"https:\/\/reachtheamericas.org\/es\/research-project-publications-by-country#peru\">Per\u00fa<\/a><\/li><li><a href=\"https:\/\/reachtheamericas.org\/es\/research-project-publications-by-country#chile\">Chile<\/a><\/li><\/ul>\t\t\t\t\t\t\t\t<\/div>\n\t\t\t\t<\/div>\n\t\t\t\t\t<\/div>\n\t\t<\/div>\n\t\t\t\t\t<\/div>\n\t\t<\/section>\n\t\t\t\t<section class=\"elementor-section elementor-top-section elementor-element elementor-element-99f9e22 elementor-section-stretched elementor-section-boxed elementor-section-height-default elementor-section-height-default\" data-id=\"99f9e22\" data-element_type=\"section\" data-settings=\"{&quot;stretch_section&quot;:&quot;section-stretched&quot;}\">\n\t\t\t\t\t\t<div class=\"elementor-container elementor-column-gap-extended\">\n\t\t\t\t\t<div class=\"elementor-column elementor-col-50 elementor-top-column elementor-element elementor-element-5d50c7c sc_inner_width_none sc_content_align_inherit sc_layouts_column_icons_position_left\" data-id=\"5d50c7c\" data-element_type=\"column\">\n\t\t\t<div class=\"elementor-widget-wrap elementor-element-populated\">\n\t\t\t\t\t\t<div class=\"elementor-element elementor-element-18a35a6 sc_fly_static elementor-widget elementor-widget-heading\" data-id=\"18a35a6\" data-element_type=\"widget\" data-widget_type=\"heading.default\">\n\t\t\t\t<div class=\"elementor-widget-container\">\n\t\t\t\t\t<h2 class=\"elementor-heading-title elementor-size-default\">Sectores econ\u00f3micos\n<\/h2>\t\t\t\t<\/div>\n\t\t\t\t<\/div>\n\t\t\t\t<div class=\"elementor-element elementor-element-fa8f1b5 sc_fly_static elementor-widget elementor-widget-text-editor\" data-id=\"fa8f1b5\" data-element_type=\"widget\" data-widget_type=\"text-editor.default\">\n\t\t\t\t<div class=\"elementor-widget-container\">\n\t\t\t\t\t\t\t\t\t<ul><li><a href=\"https:\/\/reachtheamericas.org\/es\/research-project-publications-by-sector#coffee\">Caf\u00e9<\/a><\/li><li><a href=\"https:\/\/reachtheamericas.org\/es\/research-project-publications-by-sector#cocoa\">Cacao<\/a><\/li><li><a href=\"https:\/\/reachtheamericas.org\/es\/research-project-publications-by-sector#sugarcane\">Ca\u00f1a de az\u00facar<\/a><\/li><li><a href=\"https:\/\/reachtheamericas.org\/es\/research-project-publications-by-sector#palm-oil\">Palma Africana<\/a><\/li><li><a href=\"https:\/\/reachtheamericas.org\/es\/research-project-publications-by-sector#tobacco\">Tabaco<\/a><\/li><li><a href=\"https:\/\/reachtheamericas.org\/es\/research-project-publications-by-sector#pineapples\">Pi\u00f1as<\/a><\/li><li><a href=\"https:\/\/reachtheamericas.org\/es\/research-project-publications-by-sector#melons\">Melones<\/a><\/li><li><a href=\"https:\/\/reachtheamericas.org\/es\/research-project-publications-by-sector#illegal-fishing\">Pesca Ilegal<\/a><\/li><li><a href=\"https:\/\/reachtheamericas.org\/es\/research-project-publications-by-sector#illegal-gold-mining\">Miner\u00eda ilegal de oro<\/a><\/li><li><a href=\"https:\/\/reachtheamericas.org\/es\/research-project-publications-by-sector#garment-manufacturing\">Confecci\u00f3n de prendas de vestir<\/a><\/li><li><a href=\"https:\/\/reachtheamericas.org\/es\/research-project-publications-by-sector#construction-and-tourism\">Construcci\u00f3n<\/a><\/li><li><a href=\"https:\/\/reachtheamericas.org\/es\/research-project-publications-by-sector#construction-and-tourism\">Turismo<\/a><\/li><li><a href=\"https:\/\/reachtheamericas.org\/es\/research-project-publications-by-sector#domestic-work\">Trabajo Dom\u00e9stico<\/a><\/li><\/ul>\t\t\t\t\t\t\t\t<\/div>\n\t\t\t\t<\/div>\n\t\t\t\t\t<\/div>\n\t\t<\/div>\n\t\t\t\t<div class=\"elementor-column elementor-col-50 elementor-top-column elementor-element elementor-element-b95f3ef sc_inner_width_none sc_content_align_inherit sc_layouts_column_icons_position_left\" data-id=\"b95f3ef\" data-element_type=\"column\">\n\t\t\t<div class=\"elementor-widget-wrap elementor-element-populated\">\n\t\t\t\t\t\t<div class=\"elementor-element elementor-element-fb489db sc_fly_static elementor-widget elementor-widget-image\" data-id=\"fb489db\" data-element_type=\"widget\" data-widget_type=\"image.default\">\n\t\t\t\t<div class=\"elementor-widget-container\">\n\t\t\t\t\t\t\t\t\t\t\t\t\t\t\t<img decoding=\"async\" src=\"https:\/\/reachtheamericas.org\/es\/wp-content\/uploads\/elementor\/thumbs\/2-r5oi7944mqfyj835rc2w1f3ozw0hio35s33vjr0eb4.jpg\" title=\"2\" alt=\"2\" loading=\"lazy\" \/>\t\t\t\t\t\t\t\t\t\t\t\t\t\t\t<\/div>\n\t\t\t\t<\/div>\n\t\t\t\t\t<\/div>\n\t\t<\/div>\n\t\t\t\t\t<\/div>\n\t\t<\/section>\n\t\t\t\t<\/div>\n\t\t","protected":false},"excerpt":{"rendered":"<p>NUESTRA EXPERIENCIA Nuestras \u00e1reas de especializaci\u00f3n REACH ha trabajado en diversos sectores en todo el continente americano en una amplia gama de temas, pero los temas, pa\u00edses y sectores en los que tenemos m\u00e1s experticia en la ejecuci\u00f3n de proyectos son los siguientes: Temas de inter\u00e9s &#8211; Trabajo forzoso, trata de personas y esclavitud moderna&hellip;<\/p>\n","protected":false},"author":1,"featured_media":0,"parent":0,"menu_order":0,"comment_status":"closed","ping_status":"closed","template":"","meta":{"footnotes":""},"class_list":["post-286","page","type-page","status-publish","hentry"],"_links":{"self":[{"href":"https:\/\/reachtheamericas.org\/es\/wp-json\/wp\/v2\/pages\/286","targetHints":{"allow":["GET"]}}],"collection":[{"href":"https:\/\/reachtheamericas.org\/es\/wp-json\/wp\/v2\/pages"}],"about":[{"href":"https:\/\/reachtheamericas.org\/es\/wp-json\/wp\/v2\/types\/page"}],"author":[{"embeddable":true,"href":"https:\/\/reachtheamericas.org\/es\/wp-json\/wp\/v2\/users\/1"}],"replies":[{"embeddable":true,"href":"https:\/\/reachtheamericas.org\/es\/wp-json\/wp\/v2\/comments?post=286"}],"version-history":[{"count":47,"href":"https:\/\/reachtheamericas.org\/es\/wp-json\/wp\/v2\/pages\/286\/revisions"}],"predecessor-version":[{"id":714,"href":"https:\/\/reachtheamericas.org\/es\/wp-json\/wp\/v2\/pages\/286\/revisions\/714"}],"wp:attachment":[{"href":"https:\/\/reachtheamericas.org\/es\/wp-json\/wp\/v2\/media?parent=286"}],"curies":[{"name":"wp","href":"https:\/\/api.w.org\/{rel}","templated":true}]}}