{"id":284,"date":"2025-03-23T17:28:09","date_gmt":"2025-03-23T17:28:09","guid":{"rendered":"https:\/\/reachtheamericas.org\/es\/\/?page_id=284"},"modified":"2025-05-21T19:32:47","modified_gmt":"2025-05-21T19:32:47","slug":"our-team","status":"publish","type":"page","link":"https:\/\/reachtheamericas.org\/es\/our-team\/","title":{"rendered":"NUESTRO EQUIPO"},"content":{"rendered":"\t\t<div data-elementor-type=\"wp-page\" data-elementor-id=\"284\" class=\"elementor elementor-284\">\n\t\t\t\t\t\t<section class=\"elementor-section elementor-top-section elementor-element elementor-element-c53c45b elementor-section-stretched elementor-section-boxed elementor-section-height-default elementor-section-height-default\" data-id=\"c53c45b\" data-element_type=\"section\" data-settings=\"{&quot;stretch_section&quot;:&quot;section-stretched&quot;,&quot;background_background&quot;:&quot;classic&quot;}\">\n\t\t\t\t\t\t\t<div class=\"elementor-background-overlay\"><\/div>\n\t\t\t\t\t\t\t<div class=\"elementor-container elementor-column-gap-no\">\n\t\t\t\t\t<div class=\"elementor-column elementor-col-100 elementor-top-column elementor-element elementor-element-7efe917 sc_inner_width_none sc_content_align_inherit sc_layouts_column_icons_position_left\" data-id=\"7efe917\" data-element_type=\"column\">\n\t\t\t<div class=\"elementor-widget-wrap elementor-element-populated\">\n\t\t\t\t\t\t<div class=\"elementor-element elementor-element-da96fac sc_fly_static elementor-widget elementor-widget-heading\" data-id=\"da96fac\" data-element_type=\"widget\" data-widget_type=\"heading.default\">\n\t\t\t\t<div class=\"elementor-widget-container\">\n\t\t\t\t\t<h2 class=\"elementor-heading-title elementor-size-default\">NUESTRO EQUIPO\n<\/h2>\t\t\t\t<\/div>\n\t\t\t\t<\/div>\n\t\t\t\t\t<\/div>\n\t\t<\/div>\n\t\t\t\t\t<\/div>\n\t\t<\/section>\n\t\t\t\t<section class=\"elementor-section elementor-top-section elementor-element elementor-element-458f119 elementor-section-stretched elementor-section-boxed elementor-section-height-default elementor-section-height-default\" data-id=\"458f119\" data-element_type=\"section\" data-settings=\"{&quot;stretch_section&quot;:&quot;section-stretched&quot;,&quot;background_background&quot;:&quot;classic&quot;}\">\n\t\t\t\t\t\t<div class=\"elementor-container elementor-column-gap-default\">\n\t\t\t\t\t<div class=\"elementor-column elementor-col-100 elementor-top-column elementor-element elementor-element-8a56a97 sc_inner_width_none sc_content_align_inherit sc_layouts_column_icons_position_left\" data-id=\"8a56a97\" data-element_type=\"column\">\n\t\t\t<div class=\"elementor-widget-wrap elementor-element-populated\">\n\t\t\t\t\t\t<div class=\"elementor-element elementor-element-0c694a5 sc_fly_static elementor-widget elementor-widget-heading\" data-id=\"0c694a5\" data-element_type=\"widget\" data-widget_type=\"heading.default\">\n\t\t\t\t<div class=\"elementor-widget-container\">\n\t\t\t\t\t<h2 class=\"elementor-heading-title elementor-size-default\">NUESTRO EQUIPO\n<\/h2>\t\t\t\t<\/div>\n\t\t\t\t<\/div>\n\t\t\t\t<div class=\"elementor-element elementor-element-e1fa6dc elementor-widget-divider--view-line sc_fly_static elementor-widget elementor-widget-divider\" data-id=\"e1fa6dc\" data-element_type=\"widget\" data-widget_type=\"divider.default\">\n\t\t\t\t<div class=\"elementor-widget-container\">\n\t\t\t\t\t\t\t<div class=\"elementor-divider\">\n\t\t\t<span class=\"elementor-divider-separator\">\n\t\t\t\t\t\t<\/span>\n\t\t<\/div>\n\t\t\t\t\t\t<\/div>\n\t\t\t\t<\/div>\n\t\t\t\t<div class=\"elementor-element elementor-element-458de8d sc_fly_static elementor-widget elementor-widget-text-editor\" data-id=\"458de8d\" data-element_type=\"widget\" data-widget_type=\"text-editor.default\">\n\t\t\t\t<div class=\"elementor-widget-container\">\n\t\t\t\t\t\t\t\t\t<p class=\"p1\">st\u00e1 formado por un equipo de profesionales procedentes de distintos pa\u00edses de las Am\u00e9ricas, con experiencia y conocimientos diversos en diferentes pa\u00edses y \u00e1reas tem\u00e1ticas. Esto incluye los derechos humanos y laborales, las empresas y derechos humanos, la migraci\u00f3n, el empoderamiento de la mujer, la prevenci\u00f3n de la violencia, la trata de personas y muchos otros temas vitales.<\/p><p class=\"p1\">La fundadora y directora de REACH naci\u00f3 y creci\u00f3 en Guatemala y ha vivido en Estados Unidos, M\u00e9xico, Centroam\u00e9rica y Sudam\u00e9rica. Es investigadora, educadora y defensora con amplia experiencia en investigaci\u00f3n documental y de campo, desarrollo e implementaci\u00f3n de proyectos educativos y de empoderamiento de la mujer, auditor\u00edas de cumplimiento social, desarrollo liderado por la comunidad y defensa y gesti\u00f3n de organizaciones. Ha dirigido e implementado investigaciones, capacitaciones, auditor\u00edas y proyectos sobre derechos laborales en Colombia, M\u00e9xico, Guatemala, El Salvador, Honduras, Nicaragua, Costa Rica, Rep\u00fablica Dominicana, Ecuador, Per\u00fa, Chile y Estados Unidos.<\/p><p class=\"p1\">Sus investigaciones abarcan diversos temas de derechos humanos y laborales, como el trabajo forzoso, la trata de personas, las pr\u00e1cticas de contrataci\u00f3n, el trabajo infantil, la migraci\u00f3n y la violencia social, sexual y dom\u00e9stica. Tiene un certificado de posgrado sobre trabajo infantil, trabajo forzoso y trata de personas (M\u00e9xico); una maestr\u00eda en Dise\u00f1o, Gesti\u00f3n y Administraci\u00f3n de Proyectos por la Universidad Polit\u00e9cnica de Catalu\u00f1a (Espa\u00f1a); y una licenciatura en Administraci\u00f3n de Empresas e Inform\u00e1tica por la Universidad Francisco Marroqu\u00edn de Guatemala.<\/p>\t\t\t\t\t\t\t\t<\/div>\n\t\t\t\t<\/div>\n\t\t\t\t\t<\/div>\n\t\t<\/div>\n\t\t\t\t\t<\/div>\n\t\t<\/section>\n\t\t\t\t<\/div>\n\t\t","protected":false},"excerpt":{"rendered":"<p>NUESTRO EQUIPO NUESTRO EQUIPO st\u00e1 formado por un equipo de profesionales procedentes de distintos pa\u00edses de las Am\u00e9ricas, con experiencia y conocimientos diversos en diferentes pa\u00edses y \u00e1reas tem\u00e1ticas. Esto incluye los derechos humanos y laborales, las empresas y derechos humanos, la migraci\u00f3n, el empoderamiento de la mujer, la prevenci\u00f3n de la violencia, la trata&hellip;<\/p>\n","protected":false},"author":1,"featured_media":0,"parent":0,"menu_order":0,"comment_status":"closed","ping_status":"closed","template":"","meta":{"footnotes":""},"class_list":["post-284","page","type-page","status-publish","hentry"],"_links":{"self":[{"href":"https:\/\/reachtheamericas.org\/es\/wp-json\/wp\/v2\/pages\/284","targetHints":{"allow":["GET"]}}],"collection":[{"href":"https:\/\/reachtheamericas.org\/es\/wp-json\/wp\/v2\/pages"}],"about":[{"href":"https:\/\/reachtheamericas.org\/es\/wp-json\/wp\/v2\/types\/page"}],"author":[{"embeddable":true,"href":"https:\/\/reachtheamericas.org\/es\/wp-json\/wp\/v2\/users\/1"}],"replies":[{"embeddable":true,"href":"https:\/\/reachtheamericas.org\/es\/wp-json\/wp\/v2\/comments?post=284"}],"version-history":[{"count":21,"href":"https:\/\/reachtheamericas.org\/es\/wp-json\/wp\/v2\/pages\/284\/revisions"}],"predecessor-version":[{"id":675,"href":"https:\/\/reachtheamericas.org\/es\/wp-json\/wp\/v2\/pages\/284\/revisions\/675"}],"wp:attachment":[{"href":"https:\/\/reachtheamericas.org\/es\/wp-json\/wp\/v2\/media?parent=284"}],"curies":[{"name":"wp","href":"https:\/\/api.w.org\/{rel}","templated":true}]}}