{"id":281,"date":"2025-03-23T17:27:40","date_gmt":"2025-03-23T17:27:40","guid":{"rendered":"https:\/\/reachtheamericas.org\/es\/\/?page_id=281"},"modified":"2025-05-21T18:31:06","modified_gmt":"2025-05-21T18:31:06","slug":"our-mission-and-vision","status":"publish","type":"page","link":"https:\/\/reachtheamericas.org\/es\/our-mission-and-vision\/","title":{"rendered":"NUESTRA MISI\u00d3N Y VISI\u00d3N"},"content":{"rendered":"\t\t<div data-elementor-type=\"wp-page\" data-elementor-id=\"281\" class=\"elementor elementor-281\">\n\t\t\t\t\t\t<section class=\"elementor-section elementor-top-section elementor-element elementor-element-795bb94 elementor-section-stretched elementor-section-boxed elementor-section-height-default elementor-section-height-default\" data-id=\"795bb94\" data-element_type=\"section\" data-settings=\"{&quot;stretch_section&quot;:&quot;section-stretched&quot;,&quot;background_background&quot;:&quot;classic&quot;}\">\n\t\t\t\t\t\t\t<div class=\"elementor-background-overlay\"><\/div>\n\t\t\t\t\t\t\t<div class=\"elementor-container elementor-column-gap-no\">\n\t\t\t\t\t<div class=\"elementor-column elementor-col-100 elementor-top-column elementor-element elementor-element-0e45686 sc_inner_width_none sc_content_align_inherit sc_layouts_column_icons_position_left\" data-id=\"0e45686\" data-element_type=\"column\">\n\t\t\t<div class=\"elementor-widget-wrap elementor-element-populated\">\n\t\t\t\t\t\t<div class=\"elementor-element elementor-element-a1ae35a sc_fly_static elementor-widget elementor-widget-heading\" data-id=\"a1ae35a\" data-element_type=\"widget\" data-widget_type=\"heading.default\">\n\t\t\t\t<div class=\"elementor-widget-container\">\n\t\t\t\t\t<h2 class=\"elementor-heading-title elementor-size-default\">NUESTRA MISI\u00d3N Y VISI\u00d3N\n<\/h2>\t\t\t\t<\/div>\n\t\t\t\t<\/div>\n\t\t\t\t\t<\/div>\n\t\t<\/div>\n\t\t\t\t\t<\/div>\n\t\t<\/section>\n\t\t\t\t<section class=\"elementor-section elementor-top-section elementor-element elementor-element-74ee26f elementor-section-boxed elementor-section-height-default elementor-section-height-default\" data-id=\"74ee26f\" data-element_type=\"section\">\n\t\t\t\t\t\t<div class=\"elementor-container elementor-column-gap-default\">\n\t\t\t\t\t<div class=\"elementor-column elementor-col-50 elementor-top-column elementor-element elementor-element-c860bbb sc_inner_width_none sc_content_align_inherit sc_layouts_column_icons_position_left\" data-id=\"c860bbb\" data-element_type=\"column\">\n\t\t\t<div class=\"elementor-widget-wrap elementor-element-populated\">\n\t\t\t\t\t\t<div class=\"elementor-element elementor-element-3cc31ff sc_fly_static elementor-widget elementor-widget-heading\" data-id=\"3cc31ff\" data-element_type=\"widget\" data-widget_type=\"heading.default\">\n\t\t\t\t<div class=\"elementor-widget-container\">\n\t\t\t\t\t<h2 class=\"elementor-heading-title elementor-size-default\">Misi\u00f3n<\/h2>\t\t\t\t<\/div>\n\t\t\t\t<\/div>\n\t\t\t\t<div class=\"elementor-element elementor-element-e3759cf elementor-widget-divider--view-line sc_fly_static elementor-widget elementor-widget-divider\" data-id=\"e3759cf\" data-element_type=\"widget\" data-widget_type=\"divider.default\">\n\t\t\t\t<div class=\"elementor-widget-container\">\n\t\t\t\t\t\t\t<div class=\"elementor-divider\">\n\t\t\t<span class=\"elementor-divider-separator\">\n\t\t\t\t\t\t<\/span>\n\t\t<\/div>\n\t\t\t\t\t\t<\/div>\n\t\t\t\t<\/div>\n\t\t\t\t<div class=\"elementor-element elementor-element-beb9ef1 sc_fly_static elementor-widget elementor-widget-text-editor\" data-id=\"beb9ef1\" data-element_type=\"widget\" data-widget_type=\"text-editor.default\">\n\t\t\t\t<div class=\"elementor-widget-container\">\n\t\t\t\t\t\t\t\t\t<p class=\"p1\">Nuestra misi\u00f3n es promover y proteger los derechos humanos y laborales en todo el continente americano a trav\u00e9s de la investigaci\u00f3n, la educaci\u00f3n y la colaboraci\u00f3n con los sobrevivientes, la sociedad civil, los gobiernos y el sector privado.<\/p>\t\t\t\t\t\t\t\t<\/div>\n\t\t\t\t<\/div>\n\t\t\t\t<div class=\"elementor-element elementor-element-18b51d3 sc_fly_static elementor-widget elementor-widget-heading\" data-id=\"18b51d3\" data-element_type=\"widget\" data-widget_type=\"heading.default\">\n\t\t\t\t<div class=\"elementor-widget-container\">\n\t\t\t\t\t<h2 class=\"elementor-heading-title elementor-size-default\">Visi\u00f3n<\/h2>\t\t\t\t<\/div>\n\t\t\t\t<\/div>\n\t\t\t\t<div class=\"elementor-element elementor-element-70ff741 elementor-widget-divider--view-line sc_fly_static elementor-widget elementor-widget-divider\" data-id=\"70ff741\" data-element_type=\"widget\" data-widget_type=\"divider.default\">\n\t\t\t\t<div class=\"elementor-widget-container\">\n\t\t\t\t\t\t\t<div class=\"elementor-divider\">\n\t\t\t<span class=\"elementor-divider-separator\">\n\t\t\t\t\t\t<\/span>\n\t\t<\/div>\n\t\t\t\t\t\t<\/div>\n\t\t\t\t<\/div>\n\t\t\t\t<div class=\"elementor-element elementor-element-575607e sc_fly_static elementor-widget elementor-widget-text-editor\" data-id=\"575607e\" data-element_type=\"widget\" data-widget_type=\"text-editor.default\">\n\t\t\t\t<div class=\"elementor-widget-container\">\n\t\t\t\t\t\t\t\t\t<p class=\"p1\">Nuestra visi\u00f3n es un futuro en el que los derechos humanos y laborales sean universalmente respetados, protegidos y defendidos en todo el continente americano, donde todas las personas puedan trabajar y vivir con dignidad, justicia y libertad.<\/p>\t\t\t\t\t\t\t\t<\/div>\n\t\t\t\t<\/div>\n\t\t\t\t\t<\/div>\n\t\t<\/div>\n\t\t\t\t<div class=\"elementor-column elementor-col-50 elementor-top-column elementor-element elementor-element-c532bb1 sc_inner_width_none sc_content_align_inherit sc_layouts_column_icons_position_left\" data-id=\"c532bb1\" data-element_type=\"column\">\n\t\t\t<div class=\"elementor-widget-wrap elementor-element-populated\">\n\t\t\t\t\t\t<div class=\"elementor-element elementor-element-2a4b7f7 sc_fly_static elementor-widget elementor-widget-image\" data-id=\"2a4b7f7\" data-element_type=\"widget\" data-widget_type=\"image.default\">\n\t\t\t\t<div class=\"elementor-widget-container\">\n\t\t\t\t\t\t\t\t\t\t\t\t\t\t\t<img decoding=\"async\" src=\"https:\/\/reachtheamericas.org\/es\/wp-content\/uploads\/elementor\/thumbs\/misision-r5oi7a1ytkh8uu1sluhilwv5l9vuqd6w47rd10z04w.jpg\" title=\"misision\" alt=\"misision\" loading=\"lazy\" \/>\t\t\t\t\t\t\t\t\t\t\t\t\t\t\t<\/div>\n\t\t\t\t<\/div>\n\t\t\t\t\t<\/div>\n\t\t<\/div>\n\t\t\t\t\t<\/div>\n\t\t<\/section>\n\t\t\t\t<\/div>\n\t\t","protected":false},"excerpt":{"rendered":"<p>NUESTRA MISI\u00d3N Y VISI\u00d3N Misi\u00f3n Nuestra misi\u00f3n es promover y proteger los derechos humanos y laborales en todo el continente americano a trav\u00e9s de la investigaci\u00f3n, la educaci\u00f3n y la colaboraci\u00f3n con los sobrevivientes, la sociedad civil, los gobiernos y el sector privado. Visi\u00f3n Nuestra visi\u00f3n es un futuro en el que los derechos humanos&hellip;<\/p>\n","protected":false},"author":1,"featured_media":0,"parent":0,"menu_order":0,"comment_status":"closed","ping_status":"closed","template":"","meta":{"footnotes":""},"class_list":["post-281","page","type-page","status-publish","hentry"],"_links":{"self":[{"href":"https:\/\/reachtheamericas.org\/es\/wp-json\/wp\/v2\/pages\/281","targetHints":{"allow":["GET"]}}],"collection":[{"href":"https:\/\/reachtheamericas.org\/es\/wp-json\/wp\/v2\/pages"}],"about":[{"href":"https:\/\/reachtheamericas.org\/es\/wp-json\/wp\/v2\/types\/page"}],"author":[{"embeddable":true,"href":"https:\/\/reachtheamericas.org\/es\/wp-json\/wp\/v2\/users\/1"}],"replies":[{"embeddable":true,"href":"https:\/\/reachtheamericas.org\/es\/wp-json\/wp\/v2\/comments?post=281"}],"version-history":[{"count":21,"href":"https:\/\/reachtheamericas.org\/es\/wp-json\/wp\/v2\/pages\/281\/revisions"}],"predecessor-version":[{"id":621,"href":"https:\/\/reachtheamericas.org\/es\/wp-json\/wp\/v2\/pages\/281\/revisions\/621"}],"wp:attachment":[{"href":"https:\/\/reachtheamericas.org\/es\/wp-json\/wp\/v2\/media?parent=281"}],"curies":[{"name":"wp","href":"https:\/\/api.w.org\/{rel}","templated":true}]}}